{"id":15,"date":"2013-03-31T16:34:47","date_gmt":"2013-03-31T14:34:47","guid":{"rendered":"http:\/\/iszene.com\/wiki\/?page_id=15"},"modified":"2015-10-18T20:20:34","modified_gmt":"2015-10-18T18:20:34","slug":"jailbreak","status":"publish","type":"page","link":"https:\/\/iszene.com\/wiki\/jailbreak\/","title":{"rendered":"Jailbreak"},"content":{"rendered":"<p>Als Jailbreak bezeichnet man das Freischalten eines vollst\u00e4ndigen Lese- und Schreibzugriffs auf allen Partitionen des Ger\u00e4tes. Hierf\u00fcr wird die Datei etc\/fstab gepatcht und fortan die Systempartition als read\/write gemountet. Zus\u00e4tzlich wird die Code-Signatur von Apple umgangen, die verhindert, dass nicht autorisierte Software auf dem Ger\u00e4t installiert und ausgef\u00fchrt wird. Ein Jailbreak ist die Voraussetzung f\u00fcr den Unlock eines Ger\u00e4tes.\u00a0 Je nachdem, ob es gelingt, die Patches dauerhaft in der Firmware zu installieren, spricht man von einem tethered oder einem untethered Jailbreak.<\/p>\n<p><a href=\"https:\/\/iszene.com\/wiki\/wp-content\/uploads\/2014\/02\/owqgmzgyzqqx59bfrvw6.png\"><img loading=\"lazy\" decoding=\"async\" class=\"size-medium wp-image-302 aligncenter\" src=\"https:\/\/iszene.com\/wiki\/wp-content\/uploads\/2014\/02\/owqgmzgyzqqx59bfrvw6-300x106.png\" alt=\"owqgmzgyzqqx59bfrvw6\" width=\"300\" height=\"106\" \/><\/a><\/p>\n<h3 style=\"text-align: center;\"><span style=\"text-decoration: underline;\">\u00dcbersicht der derzeitigen Jailbreakm\u00f6glichkeiten (Stand: 14.10.2015)<\/span><\/h3>\n<p>Begriffserkl\u00e4rungen findet Ihr wie gewohnt in unserer <a href=\"https:\/\/iszene.com\/wiki\/\" target=\"_blank\">iSzene Wiki<\/a><\/p>\n<p style=\"text-align: justify;\">Um etwas Klarheit zu schaffen, haben wir nachfolgend alle iPhone-Modelle und die derzeitigen Jailbreak- und Unlock-M\u00f6glichkeiten in eine kurze Zusammenfassung gepackt. Es wird ausdr\u00fccklich empfohlen, den entsprechenden Thread verst\u00e4ndnishalber mehrmals zu lesen.<\/p>\n<ul>\n<li><a href=\"https:\/\/iszene.com\/wiki\/jailbreak\/grundsaetzliches-zum-jailbreak\/\" target=\"_blank\">Grundlagen I: Was ist der Unterschied zwischen Jailbreak und Unlock?<\/a><\/li>\n<\/ul>\n<p>&nbsp;<\/p>\n<ul>\n<li><a href=\"https:\/\/iszene.com\/wiki\/jailbreak\/uebersicht-iphone-6s-plus\/\" target=\"_blank\">\u00dcbersicht iPhone 6s Plus<\/a><\/li>\n<li><a href=\"https:\/\/iszene.com\/wiki\/jailbreak\/uebersicht-iphone-6s\/\">\u00dcbersicht iPhone 6s<\/a><\/li>\n<li><a href=\"https:\/\/iszene.com\/wiki\/jailbreak\/uebersicht-iphone-6-plus\/\" target=\"_blank\">\u00dcbersicht iPhone 6 Plus<\/a><\/li>\n<li><a href=\"https:\/\/iszene.com\/wiki\/jailbreak\/uebersicht-iphone-6\/\" target=\"_blank\">\u00dcbersicht iPhone 6<\/a><\/li>\n<li><a href=\"https:\/\/iszene.com\/wiki\/jailbreak\/uebersicht-iphone-5c\/\">\u00dcbersicht iPhone 5c<\/a><\/li>\n<li><a href=\"https:\/\/iszene.com\/wiki\/jailbreak\/uebersicht-iphone-5s\/\">\u00dcbersicht iPhone 5s<\/a><\/li>\n<li><a href=\"https:\/\/iszene.com\/wiki\/jailbreak\/uebersicht-iphone-5\/\">\u00dcbersicht iPhone 5<\/a><\/li>\n<li><a href=\"https:\/\/iszene.com\/wiki\/jailbreak\/uebersicht-iphone-4s\/\">\u00dcbersicht iPhone 4s<\/a><\/li>\n<li><a href=\"https:\/\/iszene.com\/wiki\/jailbreak\/apple-end-life-iphones\/\" target=\"_blank\">\u00dcbersicht End-of-Life Ger\u00e4te: iPhone 4 \/ 3GS \/ 3G \/ iPhone Classic<\/a><\/li>\n<\/ul>\n<p>&nbsp;<\/p>\n<ul>\n<li>\u00dcbersicht iPad Pro<\/li>\n<li><a href=\"https:\/\/iszene.com\/wiki\/jailbreak\/uebersicht-ipad-mini-4\/\" target=\"_blank\">\u00dcbersicht iPad mini 4<\/a><\/li>\n<li><a href=\"https:\/\/iszene.com\/wiki\/jailbreak\/uebersicht-ipad-air-2\/\" target=\"_blank\">\u00dcbersicht iPad Air 2<\/a><\/li>\n<li><a href=\"https:\/\/iszene.com\/wiki\/jailbreak\/uebersicht-ipad-mini-3\/\" target=\"_blank\">\u00dcbersicht iPad mini 3<\/a><\/li>\n<li><a href=\"https:\/\/iszene.com\/wiki\/jailbreak\/uebersicht-ipad-air\/\" target=\"_blank\">\u00dcbersicht iPad Air<\/a><\/li>\n<li><a href=\"https:\/\/iszene.com\/wiki\/jailbreak\/uebersicht-ipad-mini-mit-retina-display\/\" target=\"_blank\">\u00dcbersicht iPad mini Retina<\/a><\/li>\n<li><a href=\"https:\/\/iszene.com\/wiki\/jailbreak\/uebersicht-ipad-mini\/\" target=\"_blank\">\u00dcbersicht iPad mini<\/a><\/li>\n<li><a href=\"https:\/\/iszene.com\/wiki\/jailbreak\/uebersicht-ipad-4-generation\/\" target=\"_blank\">\u00dcbersicht iPad (4.Generation)<\/a><\/li>\n<li><a href=\"https:\/\/iszene.com\/wiki\/jailbreak\/uebersicht-ipad-3-generation\/\" target=\"_blank\">\u00dcbersicht iPad (3.Generation)<\/a><\/li>\n<li><a href=\"https:\/\/iszene.com\/wiki\/jailbreak\/uebersicht-ipad-2-generation\/\" target=\"_blank\">\u00dcbersicht iPad (2.Generation)<\/a><\/li>\n<li><a href=\"https:\/\/iszene.com\/wiki\/jailbreak\/ipad-1-generation\/\" target=\"_blank\">\u00dcbersicht iPad (1.Generation)<\/a><\/li>\n<\/ul>\n<p>&nbsp;<\/p>\n<ul>\n<li>\u00dcbersicht Apple TV (4.Generation)<\/li>\n<li><a href=\"https:\/\/iszene.com\/wiki\/jailbreak\/apple-tv-3-3-generation\/\" target=\"_blank\">\u00dcbersicht Apple TV (3.Generation)<\/a><\/li>\n<li><a href=\"https:\/\/iszene.com\/wiki\/jailbreak\/apple-tv-2-2-generation\/\" target=\"_blank\">\u00dcbersicht Apple TV (2.Generation)<\/a><\/li>\n<\/ul>\n<p>&nbsp;<\/p>\n<ul>\n<li><a href=\"https:\/\/iszene.com\/announcement-16.html\" target=\"_blank\">\u00dcbersicht aller Versionen und Ger\u00e4te<\/a><\/li>\n<\/ul>\n<p><span style=\"text-decoration: underline;\">Empfehlungen zu wichtigen Themen:<\/span><\/p>\n<ul>\n<li><a href=\"https:\/\/iszene.com\/wiki\/jailbreak\/signierung-einer-firmware-shsh\/\" target=\"_blank\">Aufspielen einer nicht aktuellen Firmware m\u00f6glich?<\/a><\/li>\n<li><a href=\"https:\/\/iszene.com\/thread-138129.html\" target=\"_blank\">Wie signiere ich mir eine Firmware ab iOS 5<\/a><\/li>\n<li><a href=\"https:\/\/iszene.com\/wiki\/begriffe\/dfu\/\" target=\"_blank\">DFU-Modus<\/a><\/li>\n<li><a href=\"https:\/\/iszene.com\/thread-121685.html\" target=\"_blank\">Fehler 1013\/1015\/3194\/1600\/1 bei Wiederherstellung<\/a><\/li>\n<li><a href=\"https:\/\/iszene.com\/thread-121500.html\" target=\"_blank\">Fehler 3194<\/a><\/li>\n<li><a href=\"https:\/\/iszene.com\/thread-137604.html\" target=\"_blank\">iPhone 3G(S) iPad-Baseband neu flashen<\/a><\/li>\n<li><a href=\"https:\/\/iszene.com\/thread-143720.html\" target=\"_blank\">Downgrade vom iPad-Baseband (06.15.00)<\/a><\/li>\n<li><a href=\"https:\/\/iszene.com\/thread-98801.html\" target=\"_blank\">Custom Firmware mit sn0wbreeze erstellen<\/a><\/li>\n<li><a href=\"https:\/\/iszene.com\/thread-137272.html\" target=\"_blank\">iPhone Custom Firmware Files (<strong>CFW<\/strong>)<\/a><\/li>\n<li><a href=\"https:\/\/iszene.com\/thread-140734.html\" target=\"_blank\">[Anleitung] nach SAM-Unlock den Lockdown Ordner sichern &amp; wiederherstellen<\/a><\/li>\n<li><a href=\"https:\/\/iszene.com\/thread-139597.html\" target=\"_blank\">AT&amp;T Netlock entfernen nach 2 Jahren<\/a><\/li>\n<li><a href=\"https:\/\/iszene.com\/thread-155514.html\" target=\"_blank\">ultrasn0w f\u00fcr iOS 6.1.3<\/a><\/li>\n<\/ul>\n<p><strong>Hier gehts zur <a href=\"https:\/\/iszene.com\/thread-83087.html\" target=\"_blank\">[Diskussion] \u00dcbersicht \u00fcber die derzeitigen Jailbreak\/Unlockm\u00f6glichkeiten<\/a><\/strong><\/p>\n<p><em><strong>Anmerkungen \/ Erg\u00e4nzungen bitte ans Team im daf\u00fcr angelegten <a href=\"https:\/\/iszene.com\/thread-140333.html\" target=\"_blank\">Feedback Thread<\/a>.<\/strong><\/em><\/p>\n<h2>Untethered &amp; Tethered Jailbreak<\/h2>\n<p>Beim untethered (w\u00f6rtlich: nicht angebundenen) Jailbreak werden die Patches dauerhaft im Ger\u00e4t gespeichert und auch beim Abschalten oder Neustart nicht entfernt. Beim tethered (w\u00f6rtlich: angebundenen) Jailbreak werden die Patches nicht dauerhaft in der Firmware des Ger\u00e4tes installiert. Das f\u00fchrt dazu, dass sie bei jedem Neustart erneut geladen werden m\u00fcssen. Hierf\u00fcr muss das Ger\u00e4t bei einem Neustart mit einem Mac\/PC verbunden werden und das Jailbreak-Tool erneut ausgef\u00fchrt werden. Wegen der hiermit verbundenen Einschr\u00e4nkungen ist von einem Tethered-Jailbreak eher abzuraten.<\/p>\n<h2>Semi-Tethered Jailbreak<\/h2>\n<p>Mitunter taucht auch der Ausdruck Semi-Tethered Jailbreak auf. Hierbei handelt es sich um einen tethered Jailbreak; das Ger\u00e4t kann jedoch ohne Hilfe eines Mac\/PC gestartet werden, solange beim Start keine externen Bibliotheken und Schnittstellen (z.B. Mobile Substrate) geladen werden. Die Ausf\u00fchrung nicht autorisierter Programme ist hiernach nicht m\u00f6glich. Die Unterscheidung, ob ein Jailbreak tethered oder nur semi-tethered ist und ob das Ger\u00e4t mit oder ohne Mac\/PC gestartet werden kann, ist f\u00fcr Anwender ohne fundierte Kenntnisse nicht zu erkennen.<\/p>\n<h2>Jailbreak &#8211; Legal oder illegal<\/h2>\n<p>Regelm\u00e4\u00dfig taucht die Frage auf, ob ein Jailbreak legal oder illegal sei. Hierzu l\u00e4sst sich bislang keine eindeutige Aussage treffen, da es keinen Pr\u00e4zedenzfall gibt. In den USA hat sich die Justiz explizit mit dem Jailbreak des iPhones befasst und selbigen f\u00fcr zul\u00e4ssig erachtet. In Deutschland k\u00f6nnte man als Argument f\u00fcr eine fehlende Legalitat den Paragraphen 202c StGB (&#8222;Hackerparagraph&#8220;) anf\u00fchren. Der Gesetzgeber hat jedoch darauf verzichtet, zwischen &#8222;guten&#8220; und &#8222;b\u00f6sen&#8220; Hacks zu unterscheiden. Daher tut sich die Justiz mit der Anwendung dieses Paragraphen sehr schwer. Das wei\u00df wohl auch die Firma Apple: Bislang ist kein Fall bekannt, dass Anw\u00e4lte oder die Justiz gegen Tools, die den Jailbreak erm\u00f6glichen, vorgegangen sind.<\/p>","protected":false},"excerpt":{"rendered":"<p>Als Jailbreak bezeichnet man das Freischalten eines vollst\u00e4ndigen Lese- und Schreibzugriffs auf allen Partitionen des Ger\u00e4tes. Hierf\u00fcr wird die Datei etc\/fstab gepatcht und fortan die Systempartition als read\/write gemountet. Zus\u00e4tzlich wird die Code-Signatur von Apple umgangen, die verhindert, dass nicht autorisierte Software auf dem Ger\u00e4t installiert und ausgef\u00fchrt wird. Ein Jailbreak ist die Voraussetzung f\u00fcr [&hellip;]<\/p>\n","protected":false},"author":8,"featured_media":908,"parent":0,"menu_order":0,"comment_status":"open","ping_status":"open","template":"","meta":{"footnotes":""},"class_list":["post-15","page","type-page","status-publish","has-post-thumbnail","hentry"],"_links":{"self":[{"href":"https:\/\/iszene.com\/wiki\/wp-json\/wp\/v2\/pages\/15","targetHints":{"allow":["GET"]}}],"collection":[{"href":"https:\/\/iszene.com\/wiki\/wp-json\/wp\/v2\/pages"}],"about":[{"href":"https:\/\/iszene.com\/wiki\/wp-json\/wp\/v2\/types\/page"}],"author":[{"embeddable":true,"href":"https:\/\/iszene.com\/wiki\/wp-json\/wp\/v2\/users\/8"}],"replies":[{"embeddable":true,"href":"https:\/\/iszene.com\/wiki\/wp-json\/wp\/v2\/comments?post=15"}],"version-history":[{"count":6,"href":"https:\/\/iszene.com\/wiki\/wp-json\/wp\/v2\/pages\/15\/revisions"}],"predecessor-version":[{"id":1038,"href":"https:\/\/iszene.com\/wiki\/wp-json\/wp\/v2\/pages\/15\/revisions\/1038"}],"wp:featuredmedia":[{"embeddable":true,"href":"https:\/\/iszene.com\/wiki\/wp-json\/wp\/v2\/media\/908"}],"wp:attachment":[{"href":"https:\/\/iszene.com\/wiki\/wp-json\/wp\/v2\/media?parent=15"}],"curies":[{"name":"wp","href":"https:\/\/api.w.org\/{rel}","templated":true}]}}